{"id":978,"date":"2021-09-29T10:23:15","date_gmt":"2021-09-29T10:23:15","guid":{"rendered":"https:\/\/bhrtr.org\/?page_id=978"},"modified":"2024-10-11T13:35:58","modified_gmt":"2024-10-11T13:35:58","slug":"veri-gizlilik-politikamiz","status":"publish","type":"page","link":"https:\/\/bhrtr.org\/tr\/veri-gizlilik-politikamiz\/","title":{"rendered":"Veri Gizlili\u011fi Politikam\u0131z"},"content":{"rendered":"[vc_row type=&#8221;in_container&#8221; full_screen_row_position=&#8221;middle&#8221; column_margin=&#8221;default&#8221; column_direction=&#8221;default&#8221; column_direction_tablet=&#8221;default&#8221; column_direction_phone=&#8221;default&#8221; scene_position=&#8221;center&#8221; text_color=&#8221;dark&#8221; text_align=&#8221;left&#8221; row_border_radius=&#8221;none&#8221; row_border_radius_applies=&#8221;bg&#8221; overflow=&#8221;visible&#8221; overlay_strength=&#8221;0.3&#8243; gradient_direction=&#8221;left_to_right&#8221; shape_divider_position=&#8221;bottom&#8221; bg_image_animation=&#8221;none&#8221;][vc_column column_padding=&#8221;no-extra-padding&#8221; column_padding_tablet=&#8221;inherit&#8221; column_padding_phone=&#8221;inherit&#8221; column_padding_position=&#8221;all&#8221; column_element_direction_desktop=&#8221;default&#8221; column_element_spacing=&#8221;default&#8221; desktop_text_alignment=&#8221;default&#8221; tablet_text_alignment=&#8221;default&#8221; phone_text_alignment=&#8221;default&#8221; background_color_opacity=&#8221;1&#8243; background_hover_color_opacity=&#8221;1&#8243; column_backdrop_filter=&#8221;none&#8221; column_shadow=&#8221;none&#8221; column_border_radius=&#8221;none&#8221; column_link_target=&#8221;_self&#8221; column_position=&#8221;default&#8221; gradient_direction=&#8221;left_to_right&#8221; overlay_strength=&#8221;0.3&#8243; width=&#8221;1\/1&#8243; tablet_width_inherit=&#8221;default&#8221; animation_type=&#8221;default&#8221; bg_image_animation=&#8221;none&#8221; border_type=&#8221;simple&#8221; column_border_width=&#8221;none&#8221; column_border_style=&#8221;solid&#8221;][vc_column_text text_direction=&#8221;default&#8221;]Bu ayd\u0131nlatma metni, 6698 say\u0131l\u0131 Ki\u015fisel Verilerin Korunmas\u0131 Kanununun (\u201c<strong>Kanun<\/strong>\u201d) 10. maddesi ile Ayd\u0131nlatma Y\u00fck\u00fcml\u00fcl\u00fc\u011f\u00fcn\u00fcn Yerine Getirilmesinde Uyulacak Usul ve Esaslar Hakk\u0131nda Tebli\u011f kapsam\u0131nda veri sorumlusu s\u0131fat\u0131yla Halaskargazi Caddesi No:38E\/66, Pangalt\u0131, \u015ei\u015fli, \u0130stanbul adresinde mukim \u0130\u015f D\u00fcnyas\u0131 ve \u0130nsan Haklar\u0131 Derne\u011fi (\u201c<strong>BHRTR<\/strong>\u201d) taraf\u0131ndan haz\u0131rlanm\u0131\u015ft\u0131r.<\/p>\n<p>Ki\u015fisel verileriniz a\u015fa\u011f\u0131da belirtilen ama\u00e7larla, Kanunun 5. maddesinde belirtilen \u201ci\u015fleme faaliyetinin bir hakk\u0131n tesisi, kullan\u0131lmas\u0131 veya korunmas\u0131 i\u00e7in veri i\u015flemenin zorunlu olmas\u0131\u201d, \u201ci\u015fleme faaliyetinin veri sorumlusunun hukuki y\u00fck\u00fcml\u00fcl\u00fc\u011f\u00fcn\u00fc yerine getirebilmesi i\u00e7in gerekli olmas\u0131\u201d ve \u201cbir s\u00f6zle\u015fmenin kurulmas\u0131 i\u00e7in ki\u015fisel verilerin i\u015flenmesinin gerekli olmas\u0131\u201d hukuki sebeplerine dayan\u0131larak, otomatik ve\/veya otomatik olmayan y\u00f6ntemlerle i\u015flenecektir.<\/p>\n<p>Ayr\u0131ca, toplanan ki\u015fisel verileriniz ayn\u0131 ama\u00e7larla hizmet sa\u011flay\u0131c\u0131lar\u0131m\u0131z, yetkili kurum kurulu\u015flar ile ger\u00e7ek ve t\u00fczel ki\u015filere Kanun\u2019un 8. ve 9. maddesinde belirtilen ki\u015fisel veri i\u015fleme \u015fartlar\u0131 ve ama\u00e7lar\u0131 \u00e7er\u00e7evesinde aktar\u0131labilecektir.[\/vc_column_text][vc_column_text text_direction=&#8221;default&#8221;]<strong>\u0130\u015flenecek Ki\u015fisel Verileriniz <\/strong><\/p>\n<p>A\u015fa\u011f\u0131daki ki\u015fisel verileriniz, BHRTR\u2019\u0131n faaliyetleri ve organizasyonel yap\u0131s\u0131 do\u011frultusunda BHRTR taraf\u0131ndan sunucular\u0131m\u0131z ve elektronik cihazlar\u0131m\u0131z gibi otomatik ara\u00e7lar veya bir veri kay\u0131t sisteminin par\u00e7as\u0131 olan belge ar\u015fivlerimiz gibi otomatik olmayan ara\u00e7lar arac\u0131l\u0131\u011f\u0131yla taraf\u0131ndan i\u015flenmektedir:<\/p>\n<p>1. Faydalan\u0131c\u0131lar<\/p>\n<ul>\n<li>Kimlik bilgileri<\/li>\n<li>\u0130leti\u015fim bilgileri<\/li>\n<li>Lokasyon bilgileri<\/li>\n<li>G\u00f6rsel ve i\u015fitsel kay\u0131tlar<\/li>\n<li>Irk ve etnik k\u00f6ken bilgisi<\/li>\n<li>Sa\u011fl\u0131k bilgileri<\/li>\n<\/ul>\n<p>2. \u00c7al\u0131\u015fan Adaylar\u0131<\/p>\n<ul>\n<li>Kimlik bilgileri<\/li>\n<li>\u0130leti\u015fim bilgileri<\/li>\n<li>Konum bilgileri<\/li>\n<li>G\u00f6rsel ve i\u015fitsel kay\u0131tlar<\/li>\n<li>Mesleki deneyim bilgisi<\/li>\n<\/ul>\n<p>3. \u00c7al\u0131\u015fanlar<\/p>\n<ul>\n<li>Kimlik bilgileri<\/li>\n<li>\u0130leti\u015fim bilgileri<\/li>\n<li>Konum bilgileri<\/li>\n<li>\u00d6zl\u00fck bilgileri<\/li>\n<li>Hukuki i\u015flem bilgileri<\/li>\n<li>Fiziksel mek\u00e2n g\u00fcvenli\u011fi bilgisi<\/li>\n<li>\u0130\u015flem g\u00fcvenli\u011fi bilgileri<\/li>\n<li>Finans bilgileri<\/li>\n<li>Mesleki deneyim bilgiler<\/li>\n<li>G\u00f6rsel ve i\u015fitsel kay\u0131tlar<\/li>\n<li>Sa\u011fl\u0131k bilgisi<\/li>\n<li>Ceza mahkumiyeti ve g\u00fcvenlik tedbirleri bilgisi<\/li>\n<li>Di\u011fer bilgiler<\/li>\n<\/ul>\n<p>4. Tedarik\u00e7iler<\/p>\n<ul>\n<li>Kimlik bilgileri<\/li>\n<li>\u0130leti\u015fim bilgileri<\/li>\n<li>Finans bilgileri<\/li>\n<\/ul>\n<p>5. Ziyaret\u00e7iler<\/p>\n<ul>\n<li>Kimlik bilgileri<\/li>\n<li>\u0130leti\u015fim bilgileri<\/li>\n<\/ul>\n<p>6. Web Sitesi Ziyaret\u00e7ileri<\/p>\n<ul>\n<li>Kimlik bilgileri<\/li>\n<li>\u0130leti\u015fim bilgileri<\/li>\n<li>\u0130\u015flem g\u00fcvenli\u011fi bilgileri<\/li>\n<\/ul>\n<p>&nbsp;<\/p>\n<p><strong>Ki\u015fisel Veri \u0130\u015fleme ve Aktarma Ama\u00e7lar\u0131<\/strong><\/p>\n<p>1. Faydalan\u0131c\u0131lar<\/p>\n<ul>\n<li>Bilgi g\u00fcvenli\u011fi s\u00fcre\u00e7lerinin y\u00fcr\u00fct\u00fclmesi<\/li>\n<li>E\u011fitim faaliyetlerinin y\u00fcr\u00fct\u00fclmesi<\/li>\n<li>Faaliyetlerin mevzuata uygun y\u00fcr\u00fct\u00fclmesi<\/li>\n<li>\u0130leti\u015fim faaliyetlerinin y\u00fcr\u00fct\u00fclmesi<\/li>\n<li>Organizasyon ve etkinlik y\u00f6netimi<\/li>\n<li>Sosyal sorumluluk ve sivil toplum faaliyetlerinin y\u00fcr\u00fct\u00fclmesi<\/li>\n<li>Saklama ve ar\u015fiv faaliyetlerinin y\u00fcr\u00fct\u00fclmesi<\/li>\n<li>Veri sorumlusu operasyonlar\u0131n\u0131n g\u00fcvenli\u011finin temini<\/li>\n<li>Yetkili ki\u015fi, kurum ve kurulu\u015flara bilgi verilmesi<\/li>\n<\/ul>\n<p>2. \u00c7al\u0131\u015fan Adaylar\u0131<\/p>\n<ul>\n<li>Bilgi g\u00fcvenli\u011fi s\u00fcre\u00e7lerinin y\u00fcr\u00fct\u00fclmesi<\/li>\n<li>\u00c7al\u0131\u015fan Aday\u0131 \/ Stajyer \/ \u00d6\u011frenci Se\u00e7me Ve Yerle\u015ftirme S\u00fcre\u00e7lerinin Y\u00fcr\u00fct\u00fclmesi<\/li>\n<li>\u00c7al\u0131\u015fan Adaylar\u0131n\u0131n Ba\u015fvuru S\u00fcre\u00e7lerinin Y\u00fcr\u00fct\u00fclmesi<\/li>\n<li>\u0130nsan kaynaklar\u0131 s\u00fcre\u00e7lerinin planlanmas\u0131<\/li>\n<\/ul>\n<p>3. \u00c7al\u0131\u015fanlar<\/p>\n<ul>\n<li>\u00c7al\u0131\u015fan memnuniyeti ve ba\u011fl\u0131l\u0131\u011f\u0131 s\u00fcre\u00e7lerinin y\u00fcr\u00fct\u00fclmesi<\/li>\n<li>\u00c7al\u0131\u015fanlar i\u00e7in i\u015f akdi ve mevzuattan kaynakl\u0131 y\u00fck\u00fcml\u00fcl\u00fcklerin yerine getirilmesi<\/li>\n<li>\u00c7al\u0131\u015fanlar i\u00e7in yan haklar ve menfaatleri s\u00fcre\u00e7lerinin y\u00fcr\u00fct\u00fclmesi<\/li>\n<li>Denetim \/ etik faaliyetlerinin y\u00fcr\u00fct\u00fclmesi<\/li>\n<li>E\u011fitim faaliyetlerinin y\u00fcr\u00fct\u00fclmesi<\/li>\n<li>Faaliyetlerin mevzuata uygun y\u00fcr\u00fct\u00fclmesi<\/li>\n<li>Finans ve muhasebe i\u015flerinin y\u00fcr\u00fct\u00fclmesi<\/li>\n<li>Fiziksel mek\u00e2n g\u00fcvenli\u011finin temini<\/li>\n<li>G\u00f6revlendirme s\u00fcre\u00e7lerinin y\u00fcr\u00fct\u00fclmesi<\/li>\n<li>\u0130leti\u015fim faaliyetlerinin y\u00fcr\u00fct\u00fclmesi<\/li>\n<li>\u0130nsan kaynaklar\u0131 s\u00fcre\u00e7lerinin planlanmas\u0131<\/li>\n<li>\u0130\u015f faaliyetlerinin y\u00fcr\u00fct\u00fclmesi \/ denetimi<\/li>\n<li>\u0130\u015f sa\u011fl\u0131\u011f\u0131 \/ g\u00fcvenli\u011fi faaliyetlerinin y\u00fcr\u00fct\u00fclmesi<\/li>\n<li>Performans de\u011ferlendirme s\u00fcre\u00e7lerinin y\u00fcr\u00fct\u00fclmesi<\/li>\n<li>Sosyal sorumluluk ve sivil toplum faaliyetlerinin y\u00fcr\u00fct\u00fclmesi<\/li>\n<li>Saklama ve ar\u015fiv faaliyetlerinin y\u00fcr\u00fct\u00fclmesi<\/li>\n<li>S\u00f6zle\u015fme s\u00fcre\u00e7lerinin y\u00fcr\u00fct\u00fclmesi<\/li>\n<li>Veri sorumlusu operasyonlar\u0131n\u0131n g\u00fcvenli\u011finin temini<\/li>\n<li>Yetkili ki\u015fi, kurum ve kurulu\u015flara bilgi verilmesi<\/li>\n<\/ul>\n<p>4. Tedarik\u00e7iler<\/p>\n<ul>\n<li>Faaliyetlerin mevzuata uygun y\u00fcr\u00fct\u00fclmesi<\/li>\n<li>Finans ve muhasebe i\u015flerinin y\u00fcr\u00fct\u00fclmesi<\/li>\n<li>Fiziksel mek\u00e2n g\u00fcvenli\u011finin temini<\/li>\n<li>G\u00f6revlendirme s\u00fcre\u00e7lerinin y\u00fcr\u00fct\u00fclmesi<\/li>\n<li>\u0130leti\u015fim faaliyetlerinin y\u00fcr\u00fct\u00fclmesi<\/li>\n<li>\u0130\u015f faaliyetlerinin y\u00fcr\u00fct\u00fclmesi \/ denetimi<\/li>\n<li>Mal \/ Hizmet Sat\u0131n Al\u0131m S\u00fcre\u00e7lerinin Y\u00fcr\u00fct\u00fclmesi<\/li>\n<li>Mal \/ Hizmet Sat\u0131\u015f S\u00fcre\u00e7lerinin Y\u00fcr\u00fct\u00fclmesi<\/li>\n<li>Performans de\u011ferlendirme s\u00fcre\u00e7lerinin y\u00fcr\u00fct\u00fclmesi<\/li>\n<li>Sosyal sorumluluk ve sivil toplum faaliyetlerinin y\u00fcr\u00fct\u00fclmesi<\/li>\n<li>S\u00f6zle\u015fme s\u00fcre\u00e7lerinin y\u00fcr\u00fct\u00fclmesi<\/li>\n<li>Veri sorumlusu operasyonlar\u0131n\u0131n g\u00fcvenli\u011finin temini<\/li>\n<li>Yetkili ki\u015fi, kurum ve kurulu\u015flara bilgi verilmesi<\/li>\n<\/ul>\n<p>5. Ziyaret\u00e7iler<\/p>\n<ul>\n<li>Fiziksel mek\u00e2n g\u00fcvenli\u011finin temini<\/li>\n<li>Veri sorumlusu operasyonlar\u0131n\u0131n g\u00fcvenli\u011finin temini<\/li>\n<li>Ziyaret\u00e7i Kay\u0131tlar\u0131n\u0131n Olu\u015fturulmas\u0131 ve Takibi<\/li>\n<\/ul>\n<p>6. Web Sitesi Ziyaret\u00e7ileri<\/p>\n<ul>\n<li>Bilgi g\u00fcvenli\u011fi s\u00fcre\u00e7lerinin y\u00fcr\u00fct\u00fclmesi<\/li>\n<li>Veri sorumlusu operasyonlar\u0131n\u0131n g\u00fcvenli\u011finin temini<\/li>\n<li>Ziyaret\u00e7i Kay\u0131tlar\u0131n\u0131n Olu\u015fturulmas\u0131 ve Takibi<\/li>\n<\/ul>\n<p><strong>\u00a0<\/strong><\/p>\n<p><strong>Ki\u015fisel Verileri Aktarma ve Saklama S\u00fcre S\u0131n\u0131rlar\u0131 <\/strong><\/p>\n<p>1. Faydalan\u0131c\u0131lar<\/p>\n<p>Faydalan\u0131c\u0131lara ait ki\u015fisel veriler, ilgili proje s\u00fcreci tamamland\u0131ktan 5 y\u0131l sonra imha edilir.<\/p>\n<p>2. \u00c7al\u0131\u015fan Adaylar\u0131<\/p>\n<p>\u00c7al\u0131\u015fan adaylar\u0131na ait ki\u015fisel veriler, ilgili i\u015f ba\u015fvurusunun al\u0131nd\u0131ktan 1 y\u0131l sonra imha edilir.<\/p>\n<p>3. \u00c7al\u0131\u015fanlar<\/p>\n<p>\u00c7al\u0131\u015fanlara ait ki\u015fisel veriler, ilgili \u00e7al\u0131\u015fan\u0131n g\u00f6rev s\u00fcresi bittikten 5 y\u0131l sonra imha edilir.<\/p>\n<p>4. Tedarik\u00e7iler<\/p>\n<p>Tedarik\u00e7ilere ait ki\u015fisel veriler, ilgili veriler al\u0131nd\u0131ktan 1 y\u0131l sonra imha edilir.<\/p>\n<p>5. Ziyaret\u00e7iler<\/p>\n<p>Ziyaret\u00e7ilere ait ki\u015fisel veriler, ilgili veriler al\u0131nd\u0131ktan 1 y\u0131l sonra imha edilir.<\/p>\n<p>6. Web Sitesi Ziyaret\u00e7ileri<\/p>\n<p>Web sitesi ziyaret\u00e7ilerine ait ki\u015fisel veriler, ilgili veriler al\u0131nd\u0131ktan 1 y\u0131l sonra imha edilir.<\/p>\n<p>&nbsp;<\/p>\n<p><strong>\u0130lgili Ki\u015fi Haklar\u0131n\u0131z<\/strong><\/p>\n<p>Kanunun ilgili ki\u015finin haklar\u0131n\u0131 d\u00fczenleyen 11. maddesi\u00a0\u00a0 kapsam\u0131nda ki\u015fisel verilerinizin i\u015flenmesine dair taleplerinizi, Veri Sorumlusu Ba\u015fvuru Usul ve Esaslar\u0131 Hakk\u0131nda Tebli\u011fe g\u00f6re, yaz\u0131l\u0131 olarak BHRTR resmi adresine posta yoluyla veya <a href=\"mailto:contact@bhrtr.org\">contact@bhrtr.org<\/a> e-posta adresi \u00fczerinden elektronik olarak iletebilirsiniz. Bu kapsamdaki haklar\u0131n\u0131z;<\/p>\n<ol>\n<li>Ki\u015fisel verilerinin i\u015flenip i\u015flenmedi\u011fini \u00f6\u011frenme,<\/li>\n<li>Ki\u015fisel verileri i\u015flenmi\u015fse buna ili\u015fkin bilgi talep etme,<\/li>\n<li>Ki\u015fisel verilerinin i\u015flenme amac\u0131n\u0131 ve bunlar\u0131n amac\u0131na uygun kullan\u0131l\u0131p kullan\u0131lmad\u0131\u011f\u0131n\u0131 \u00f6\u011frenme,<\/li>\n<li>Yurt i\u00e7inde veya yurt d\u0131\u015f\u0131nda ki\u015fisel verilerin aktar\u0131ld\u0131\u011f\u0131 \u00fc\u00e7\u00fcnc\u00fc ki\u015fileri bilme,<\/li>\n<li>Ki\u015fisel verilerin eksik veya yanl\u0131\u015f i\u015flenmi\u015f olmas\u0131 h\u00e2linde bunlar\u0131n d\u00fczeltilmesini isteme,<\/li>\n<li>Ki\u015fisel verilerin silinmesini veya yok edilmesini isteme,<\/li>\n<li>Ki\u015fisel verilerin d\u00fczeltilmesi, silinmesi veya yok edilmesine ili\u015fkin i\u015flemlerin ki\u015fisel verilerin aktar\u0131ld\u0131\u011f\u0131 \u00fc\u00e7\u00fcnc\u00fc ki\u015filere bildirilmesini isteme,<\/li>\n<li>\u0130\u015flenen verilerin m\u00fcnhas\u0131ran otomatik sistemler vas\u0131tas\u0131yla analiz edilmesi suretiyle ki\u015finin kendisi aleyhine bir sonucun ortaya \u00e7\u0131kmas\u0131na itiraz etme,<\/li>\n<li>Ki\u015fisel verilerin kanuna ayk\u0131r\u0131 olarak i\u015flenmesi sebebiyle zarara u\u011framas\u0131 h\u00e2linde zarar\u0131n giderilmesini talep etme<\/li>\n<\/ol>\n[\/vc_column_text][\/vc_column][\/vc_row]\n","protected":false},"excerpt":{"rendered":"<p>[vc_row type=&#8221;in_container&#8221; full_screen_row_position=&#8221;middle&#8221; column_margin=&#8221;default&#8221; column_direction=&#8221;default&#8221; column_direction_tablet=&#8221;default&#8221; column_direction_phone=&#8221;default&#8221; scene_position=&#8221;center&#8221; text_color=&#8221;dark&#8221; text_align=&#8221;left&#8221; row_border_radius=&#8221;none&#8221; row_border_radius_applies=&#8221;bg&#8221; overflow=&#8221;visible&#8221; overlay_strength=&#8221;0.3&#8243; gradient_direction=&#8221;left_to_right&#8221; shape_divider_position=&#8221;bottom&#8221; bg_image_animation=&#8221;none&#8221;][vc_column column_padding=&#8221;no-extra-padding&#8221; column_padding_tablet=&#8221;inherit&#8221; column_padding_phone=&#8221;inherit&#8221; column_padding_position=&#8221;all&#8221; column_element_direction_desktop=&#8221;default&#8221; column_element_spacing=&#8221;default&#8221; desktop_text_alignment=&#8221;default&#8221; tablet_text_alignment=&#8221;default&#8221; phone_text_alignment=&#8221;default&#8221; background_color_opacity=&#8221;1&#8243; background_hover_color_opacity=&#8221;1&#8243; column_backdrop_filter=&#8221;none&#8221; column_shadow=&#8221;none&#8221;&#8230;<\/p>\n","protected":false},"author":1,"featured_media":0,"parent":0,"menu_order":0,"comment_status":"closed","ping_status":"open","template":"","meta":{"inline_featured_image":false,"footnotes":""},"class_list":["post-978","page","type-page","status-publish"],"aioseo_notices":[],"_links":{"self":[{"href":"https:\/\/bhrtr.org\/tr\/wp-json\/wp\/v2\/pages\/978","targetHints":{"allow":["GET"]}}],"collection":[{"href":"https:\/\/bhrtr.org\/tr\/wp-json\/wp\/v2\/pages"}],"about":[{"href":"https:\/\/bhrtr.org\/tr\/wp-json\/wp\/v2\/types\/page"}],"author":[{"embeddable":true,"href":"https:\/\/bhrtr.org\/tr\/wp-json\/wp\/v2\/users\/1"}],"replies":[{"embeddable":true,"href":"https:\/\/bhrtr.org\/tr\/wp-json\/wp\/v2\/comments?post=978"}],"version-history":[{"count":8,"href":"https:\/\/bhrtr.org\/tr\/wp-json\/wp\/v2\/pages\/978\/revisions"}],"predecessor-version":[{"id":4756,"href":"https:\/\/bhrtr.org\/tr\/wp-json\/wp\/v2\/pages\/978\/revisions\/4756"}],"wp:attachment":[{"href":"https:\/\/bhrtr.org\/tr\/wp-json\/wp\/v2\/media?parent=978"}],"curies":[{"name":"wp","href":"https:\/\/api.w.org\/{rel}","templated":true}]}}